{"id":766,"date":"2024-03-22T19:36:00","date_gmt":"2024-03-22T16:36:00","guid":{"rendered":"https:\/\/aventura-excursions.com\/?post_type=product&#038;p=766"},"modified":"2026-01-03T17:27:11","modified_gmt":"2026-01-03T14:27:11","slug":"boat-trip-whale-watching","status":"publish","type":"product","link":"https:\/\/aventura-excursions.com\/pl\/produkt\/boat-trip-whale-watching\/","title":{"rendered":"Wycieczka \u0142odzi\u0105: obserwacja wieloryb\u00f3w"},"content":{"rendered":"<p><em><\/em><\/p>\n<h3>Opis<\/h3>\n<p>\nTo jest jedna z najpopularniejszych atrakcji na Teneryfie, podczas kt\u00f3rej mo\u017cna podziwia\u0107 wspania\u0142e widoki na wybrze\u017ce z wysokimi klifami i pi\u0119knymi pla\u017cami. Za ka\u017cdym razem, gdy wyp\u0142ywamy nad ocean, wyszukujemy delfiny i wieloryby piloty, kt\u00f3re s\u0105 sta\u0142ymi mieszka\u0144cami w\u00f3d kanaryjskich i mo\u017cna do\u015bwiadczy\u0107 ogromnej przyjemno\u015bci ogl\u0105dania ich w ich naturalnym \u015brodowisku. Podczas wycieczki zatrzymamy si\u0119, aby pop\u0142ywa\u0107 w krystalicznie czystej wodzie, aby przez mask\u0119 obserwowa\u0107 jeszcze wi\u0119cej zwierz\u0105t i ryb.<\/p>\n<p>\nMo\u017cesz wybiera\u0107 pomi\u0119dzy kilkoma \u0142odziami. Program wycieczki jest taki sam, ale czas trwania i pojemno\u015b\u0107 \u0142odzi mog\u0105 si\u0119 r\u00f3\u017cni\u0107.<\/p>\n<p><\/p>\n<h3>Ciekawe miejsca<\/h3>\n<ul>\n<li>Obserwowanie wieloryb\u00f3w i delfin\u00f3w<\/li>\n<li>Spektakularne widoki<\/li>\n<li>Snorkeling<\/li>\n<li>Do wyboru kilka \u0142odzi<\/li>\n<\/ul>\n<p><\/p>\n<p><h3>\u0141odzie<\/h3>\n<p>\n<strong>So\u00f1ador<\/strong><\/p>\n<p>\n<img loading=\"lazy\" decoding=\"async\" src=\"https:\/\/aventura-excursions.com\/wp-content\/uploads\/2024\/03\/Sonador-Tenerife-7-1-300x225.webp\" alt=\"\" width=\"300\" height=\"225\" class=\"alignnone size-medium wp-image-2208 right_content_img add_margin_bottom\" srcset=\"https:\/\/aventura-excursions.com\/wp-content\/uploads\/2024\/03\/Sonador-Tenerife-7-1-300x225.webp 300w, https:\/\/aventura-excursions.com\/wp-content\/uploads\/2024\/03\/Sonador-Tenerife-7-1-1024x768.webp 1024w, https:\/\/aventura-excursions.com\/wp-content\/uploads\/2024\/03\/Sonador-Tenerife-7-1-768x576.webp 768w, https:\/\/aventura-excursions.com\/wp-content\/uploads\/2024\/03\/Sonador-Tenerife-7-1-1536x1152.webp 1536w, https:\/\/aventura-excursions.com\/wp-content\/uploads\/2024\/03\/Sonador-Tenerife-7-1-16x12.webp 16w, https:\/\/aventura-excursions.com\/wp-content\/uploads\/2024\/03\/Sonador-Tenerife-7-1-600x450.webp 600w, https:\/\/aventura-excursions.com\/wp-content\/uploads\/2024\/03\/Sonador-Tenerife-7-1.webp 2048w\" sizes=\"auto, (max-width: 300px) 100vw, 300px\" \/><br \/>\n\u017baglowiec o d\u0142ugo\u015bci 15 metr\u00f3w. Pok\u0142ad wygl\u0105da elegancko i \u0142atwo si\u0119 po nim chodzi.<\/p>\n<p>\nPojemno\u015b\u0107: 25 os\u00f3b<br \/>\nCzas trwania: 3 godzin<br \/>\nPort: Los Cristianos<br \/>\nBez transportu<br \/>\nW cen\u0119 wliczone jest jedzenie i napoje, takie jak kanapki, owoce, przek\u0105ski, napoje bezalkoholowe, piwo itp.<\/p>\n<p><\/p>\n<p>\n<strong>Freebird<\/strong><\/p>\n<p>\n<img loading=\"lazy\" decoding=\"async\" src=\"https:\/\/aventura-excursions.com\/wp-content\/uploads\/2024\/03\/freebird-catamarans-tenerife-f15-1d-300x200.png\"  alt=\"\" width=\"300\" height=\"200\" class=\"alignnone size-medium wp-image-2206 right_content_img add_margin_bottom\" srcset=\"https:\/\/aventura-excursions.com\/wp-content\/uploads\/2024\/03\/freebird-catamarans-tenerife-f15-1d-300x200.png 300w, https:\/\/aventura-excursions.com\/wp-content\/uploads\/2024\/03\/freebird-catamarans-tenerife-f15-1d-18x12.png 18w, https:\/\/aventura-excursions.com\/wp-content\/uploads\/2024\/03\/freebird-catamarans-tenerife-f15-1d-600x399.png 600w, https:\/\/aventura-excursions.com\/wp-content\/uploads\/2024\/03\/freebird-catamarans-tenerife-f15-1d.png 700w\" sizes=\"auto, (max-width: 300px) 100vw, 300px\" \/><br \/>\nPrzestronny katamaran, idealny do relaksu i opalania.<\/p>\n<p>\nPojemno\u015b\u0107: 50 os\u00f3b<br \/>\nCzas trwania: 3 i 4,5 godziny<br \/>\nPort: Puerto Colon<br \/>\nPick up included in Los Gigantes, Costa Adeje, Los Cristianos, Playa de Las Americas and Golf del Sur.<br \/>\nPodczas 3-godzinnej wycieczki oferowane s\u0105 kanapki, woda, piwo i napoje bezalkoholowe.<br \/>\nPodczas 4,5-godzinnej wycieczki serwowane s\u0105 pulpeciki z kurczaka w sosie, ry\u017c huertano, r\u00f3\u017cne napoje, takie jak piwo, napoje bezalkoholowe, woda, sangria, a tak\u017ce specjalne menu dla os\u00f3b chorych na celiaki\u0119 i wegan (na \u017cyczenie).<\/p>\n<p><p><\/p>\n<p><strong>Viking<\/strong><\/p>\n<p>\n<img loading=\"lazy\" decoding=\"async\" src=\"https:\/\/aventura-excursions.com\/wp-content\/uploads\/2024\/03\/146b-300x226.png\"  alt=\"\" width=\"300\" height=\"226\" class=\"alignnone size-medium wp-image-2205 right_content_img add_margin_bottom\" srcset=\"https:\/\/aventura-excursions.com\/wp-content\/uploads\/2024\/03\/146b-300x226.png 300w, https:\/\/aventura-excursions.com\/wp-content\/uploads\/2024\/03\/146b-16x12.png 16w, https:\/\/aventura-excursions.com\/wp-content\/uploads\/2024\/03\/146b.png 353w\" sizes=\"auto, (max-width: 300px) 100vw, 300px\" \/><br \/>\nDu\u017cy statek Wiking\u00f3w ze spektakularnym pokazem i animacj\u0105.<\/p>\n<p>\nPojemno\u015b\u0107: 100 os\u00f3b<br \/>\nCzas trwania: 2 i 3 godziny<br \/>\nGodzina rozpocz\u0119cia:<br \/>\n2 hours &#8211; 11:00<br \/>\n3 hours &#8211; 13:30<br \/>\nPort: Los Cristianos<br \/>\nBez transportu<br \/>\nDrinks, such as wine, local beer, water and soft drinks, included in 3-hours trip. Restaurant&#8217;s food is paid separately.<\/p>\n<p><\/p>\n<p><strong>Tonina<\/strong><\/p>\n<p>\n<img loading=\"lazy\" decoding=\"async\" src=\"https:\/\/aventura-excursions.com\/wp-content\/uploads\/2024\/03\/barco-300x200.png\" alt=\"\" width=\"300\" height=\"200\" class=\"alignnone size-medium wp-image-2203 right_content_img add_margin_bottom\" srcset=\"https:\/\/aventura-excursions.com\/wp-content\/uploads\/2024\/03\/barco-300x200.png 300w, https:\/\/aventura-excursions.com\/wp-content\/uploads\/2024\/03\/barco-18x12.png 18w, https:\/\/aventura-excursions.com\/wp-content\/uploads\/2024\/03\/barco.png 460w\" sizes=\"auto, (max-width: 300px) 100vw, 300px\" \/><br \/>\nKomfortowy katamaran dla ma\u0142ej grupy z przestronnym pok\u0142adem s\u0142onecznym.<\/p>\n<p>\nPojemno\u015b\u0107: 11 os\u00f3b<br \/>\nCzas trwania: 3 godzin<br \/>\nPort: Las Galletas<br \/>\nOdbi\u00f3r na po\u0142udniu wliczony w cen\u0119<br \/>\nW cen\u0119 wliczone s\u0105 tak\u017ce rozmaite przek\u0105ski i napoje.<\/p>\n<p><p><\/p>","protected":false},"excerpt":{"rendered":"<div>\n<p>Take a boat trip and don&#8217;t miss the opportunity to relax, enjoy the nature, do snorkeling in the ocean and, of course, see the whales and dolphins!<\/p>\n<p>\nWYBIERZ \u0141ODZI\u0118:\n<\/div>","protected":false},"featured_media":1601,"template":"","meta":{"_acf_changed":false},"product_brand":[],"product_cat":[21],"product_tag":[],"class_list":{"0":"post-766","1":"product","2":"type-product","3":"status-publish","4":"has-post-thumbnail","6":"product_cat-activities","8":"first","9":"instock","10":"sale","11":"shipping-taxable","12":"product-type-grouped"},"acf":[],"yoast_head":"<!-- This site is optimized with the Yoast SEO plugin v25.6 - https:\/\/yoast.com\/wordpress\/plugins\/seo\/ -->\n<title>Boat Trip: Whale Watching - Aventura Excursions in Tenerife | Book Tickets online<\/title>\n<meta name=\"description\" content=\"Book your whale watching boat trip in Tenerife! See dolphins, snorkel, and enjoy stunning views. Check prices, read reviews, and buy tickets now!\" \/>\n<meta name=\"robots\" content=\"index, follow, max-snippet:-1, max-image-preview:large, max-video-preview:-1\" \/>\n<link rel=\"canonical\" href=\"https:\/\/aventura-excursions.com\/pl\/produkt\/boat-trip-whale-watching\/\" \/>\n<meta property=\"og:locale\" content=\"pl_PL\" \/>\n<meta property=\"og:type\" content=\"article\" \/>\n<meta property=\"og:title\" content=\"Boat Trip: Whale Watching - Aventura Excursions in Tenerife | Book Tickets online\" \/>\n<meta property=\"og:description\" content=\"Book your whale watching boat trip in Tenerife! See dolphins, snorkel, and enjoy stunning views. Check prices, read reviews, and buy tickets now!\" \/>\n<meta property=\"og:url\" content=\"https:\/\/aventura-excursions.com\/pl\/produkt\/boat-trip-whale-watching\/\" \/>\n<meta property=\"og:site_name\" content=\"Aventura Excursions\" \/>\n<meta property=\"article:modified_time\" content=\"2026-01-03T14:27:11+00:00\" \/>\n<meta property=\"og:image\" content=\"https:\/\/aventura-excursions.com\/wp-content\/uploads\/2024\/03\/grinda09.jpg\" \/>\n\t<meta property=\"og:image:width\" content=\"1014\" \/>\n\t<meta property=\"og:image:height\" content=\"768\" \/>\n\t<meta property=\"og:image:type\" content=\"image\/jpeg\" \/>\n<meta name=\"twitter:card\" content=\"summary_large_image\" \/>\n<meta name=\"twitter:label1\" content=\"Szacowany czas czytania\" \/>\n\t<meta name=\"twitter:data1\" content=\"3 minuty\" \/>\n<!-- \/ Yoast SEO plugin. -->","yoast_head_json":{"title":"Boat Trip: Whale Watching - Aventura Excursions in Tenerife | Book Tickets online","description":"Book your whale watching boat trip in Tenerife! See dolphins, snorkel, and enjoy stunning views. Check prices, read reviews, and buy tickets now!","robots":{"index":"index","follow":"follow","max-snippet":"max-snippet:-1","max-image-preview":"max-image-preview:large","max-video-preview":"max-video-preview:-1"},"canonical":"https:\/\/aventura-excursions.com\/pl\/produkt\/boat-trip-whale-watching\/","og_locale":"pl_PL","og_type":"article","og_title":"Boat Trip: Whale Watching - Aventura Excursions in Tenerife | Book Tickets online","og_description":"Book your whale watching boat trip in Tenerife! See dolphins, snorkel, and enjoy stunning views. Check prices, read reviews, and buy tickets now!","og_url":"https:\/\/aventura-excursions.com\/pl\/produkt\/boat-trip-whale-watching\/","og_site_name":"Aventura Excursions","article_modified_time":"2026-01-03T14:27:11+00:00","og_image":[{"width":1014,"height":768,"url":"https:\/\/aventura-excursions.com\/wp-content\/uploads\/2024\/03\/grinda09.jpg","type":"image\/jpeg"}],"twitter_card":"summary_large_image","twitter_misc":{"Szacowany czas czytania":"3 minuty"},"schema":{"@context":"https:\/\/schema.org","@graph":[{"@type":"WebPage","@id":"https:\/\/aventura-excursions.com\/product\/boat-trip-whale-watching\/","url":"https:\/\/aventura-excursions.com\/product\/boat-trip-whale-watching\/","name":"Boat Trip: Whale Watching - Aventura Excursions in Tenerife | Book Tickets online","isPartOf":{"@id":"https:\/\/aventura-excursions.com\/#website"},"primaryImageOfPage":{"@id":"https:\/\/aventura-excursions.com\/product\/boat-trip-whale-watching\/#primaryimage"},"image":{"@id":"https:\/\/aventura-excursions.com\/product\/boat-trip-whale-watching\/#primaryimage"},"thumbnailUrl":"https:\/\/aventura-excursions.com\/wp-content\/uploads\/2024\/03\/grinda09.jpg","datePublished":"2024-03-22T16:36:00+00:00","dateModified":"2026-01-03T14:27:11+00:00","description":"Book your whale watching boat trip in Tenerife! See dolphins, snorkel, and enjoy stunning views. Check prices, read reviews, and buy tickets now!","breadcrumb":{"@id":"https:\/\/aventura-excursions.com\/product\/boat-trip-whale-watching\/#breadcrumb"},"inLanguage":"pl-PL","potentialAction":[{"@type":"ReadAction","target":["https:\/\/aventura-excursions.com\/product\/boat-trip-whale-watching\/"]}]},{"@type":"ImageObject","inLanguage":"pl-PL","@id":"https:\/\/aventura-excursions.com\/product\/boat-trip-whale-watching\/#primaryimage","url":"https:\/\/aventura-excursions.com\/wp-content\/uploads\/2024\/03\/grinda09.jpg","contentUrl":"https:\/\/aventura-excursions.com\/wp-content\/uploads\/2024\/03\/grinda09.jpg","width":1014,"height":768,"caption":"LEAD Technologies Inc. V1.01"},{"@type":"BreadcrumbList","@id":"https:\/\/aventura-excursions.com\/product\/boat-trip-whale-watching\/#breadcrumb","itemListElement":[{"@type":"ListItem","position":1,"name":"Tours","item":"https:\/\/aventura-excursions.com\/tours\/"},{"@type":"ListItem","position":2,"name":"Boat Trip: Whale Watching"}]},{"@type":"WebSite","@id":"https:\/\/aventura-excursions.com\/#website","url":"https:\/\/aventura-excursions.com\/","name":"Aventura Excursions","description":"Aventura Excursions","potentialAction":[{"@type":"SearchAction","target":{"@type":"EntryPoint","urlTemplate":"https:\/\/aventura-excursions.com\/?s={search_term_string}"},"query-input":{"@type":"PropertyValueSpecification","valueRequired":true,"valueName":"search_term_string"}}],"inLanguage":"pl-PL"}]}},"_links":{"self":[{"href":"https:\/\/aventura-excursions.com\/pl\/wp-json\/wp\/v2\/product\/766","targetHints":{"allow":["GET"]}}],"collection":[{"href":"https:\/\/aventura-excursions.com\/pl\/wp-json\/wp\/v2\/product"}],"about":[{"href":"https:\/\/aventura-excursions.com\/pl\/wp-json\/wp\/v2\/types\/product"}],"wp:featuredmedia":[{"embeddable":true,"href":"https:\/\/aventura-excursions.com\/pl\/wp-json\/wp\/v2\/media\/1601"}],"wp:attachment":[{"href":"https:\/\/aventura-excursions.com\/pl\/wp-json\/wp\/v2\/media?parent=766"}],"wp:term":[{"taxonomy":"product_brand","embeddable":true,"href":"https:\/\/aventura-excursions.com\/pl\/wp-json\/wp\/v2\/product_brand?post=766"},{"taxonomy":"product_cat","embeddable":true,"href":"https:\/\/aventura-excursions.com\/pl\/wp-json\/wp\/v2\/product_cat?post=766"},{"taxonomy":"product_tag","embeddable":true,"href":"https:\/\/aventura-excursions.com\/pl\/wp-json\/wp\/v2\/product_tag?post=766"}],"curies":[{"name":"wp","href":"https:\/\/api.w.org\/{rel}","templated":true}]}}