{"id":893,"date":"2024-03-23T18:17:29","date_gmt":"2024-03-23T15:17:29","guid":{"rendered":"https:\/\/aventura-excursions.com\/?post_type=product&#038;p=893"},"modified":"2024-05-29T14:07:16","modified_gmt":"2024-05-29T11:07:16","slug":"castillo-san-miguel","status":"publish","type":"product","link":"https:\/\/aventura-excursions.com\/pl\/produkt\/castillo-san-miguel\/","title":{"rendered":"Zamek San Miguel"},"content":{"rendered":"<h3>Opis<\/h3>\n<p>\nPrzygotuj si\u0119 na podr\u00f3\u017c w czasie do epoki rycerzy, cz\u0142onk\u00f3w rodziny kr\u00f3lewskiej i czar\u00f3w na wystawie Castillo San Miguel na Teneryfie! Zbudowany z kanaryjskiego kamienia canto, zamek San Miguel s\u0142ynie z wie\u017c, kt\u00f3re przenosz\u0105 zwiedzaj\u0105cych w autentyczne \u015bredniowieczne otoczenie. To wyj\u0105tkowe prze\u017cycie, mieszcz\u0105ce si\u0119 w murach majestatycznego zamku, \u0142\u0105czy w sobie histori\u0119, rozrywk\u0119 i pyszne jedzenie. B\u0119dziesz \u015bwiadkiem zapieraj\u0105cego dech w piersiach wyst\u0119pu opancerzonych rycerzy walcz\u0105cych w epickich bitwach, aby zademonstrowa\u0107 swoje umiej\u0119tno\u015bci i odwag\u0119. Tw\u00f3j rycerz b\u0119dzie potrzebowa\u0142 Twojego wsparcia w turnieju, wi\u0119c pami\u0119taj, aby go rozweseli\u0107. Zostaniesz podany na kolacj\u0119 i wino, a w mi\u0119dzyczasie b\u0119dziesz si\u0119 dobrze bawi\u0107 b\u0119d\u0105c cz\u0119\u015bci\u0105 tej \u015bredniowiecznej ekstrawagancji.<\/p>\n<h3><\/h3>\n<h3>Ciekawe miejsca<\/h3>\n<ul>\n<li>\u015aredniowieczne przedstawienie<\/li>\n<li>Autentyczny \u015bredniowieczny obiad<\/li>\n<li>Aktywny udzia\u0142 w przedstawieniu<\/li>\n<\/ul>\n<h3>Szczeg\u00f3\u0142y<\/h3>\n<p>\n<strong><em>Godzina rozpocz\u0119cia:<\/em><\/strong> 18:30<\/p>\n<p>\n<strong><em>Lokalizacja:<\/em><\/strong> San Miguel (10 minut od Los Cristianos)<\/p>\n<p>\n<strong><em>W cenie:<\/em><\/strong><\/p>\n<ul>\n<li>kolacja<\/li>\n<li>elementy ubioru \u015bredniowiecznego<\/li>\n<\/ul>\n<p>\n<strong><em>Nie wliczone:<\/em><\/strong> odbi\u00f3r z hotelu<\/p>\n<p>\n<\/p>\n<h3>Transport<\/h3>\n<p class=\" translation-block\">Mo\u017cesz <a href=\"https:\/\/aventura-excursions.com\/pl\/produkt\/rent-a-car\/\" target=\"_self\"><strong><em>wypo\u017cyczy\u0107 u nas samoch\u00f3d<\/em><\/strong><\/a> i samodzielnie uda\u0107 si\u0119 do zamku San Miguel lub zarezerwowa\u0107 transfer z hotelu. T\u0119 opcj\u0119 zobaczysz podczas rezerwacji spektaklu. Transfer odbywa si\u0119 we wszystkich obszarach turystycznych Teneryfy, w tym w Los Gigantes, Golf del Sur i Puerto de la Cruz.<\/p>","protected":false},"excerpt":{"rendered":"<div>\n<p>Zanurz si\u0119 w \u015bredniowiecznym splendorze na Castillo San Miguel Show na Teneryfie, gdzie mo\u017cesz cieszy\u0107 si\u0119 atmosfer\u0105 \u015bredniowiecznej uczty i emocjonuj\u0105cych turniej\u00f3w. <\/p>\n<p>\nNajpierw wybierz jedn\u0105 z opcji: sam bilet lub bilet + transfer<br \/>\nNast\u0119pnie wybierz liczb\u0119 doros\u0142ych, dzieci (3-13 lat) i niemowl\u0105t (0-2 lata).\n<\/div>","protected":false},"featured_media":903,"template":"","meta":{"_acf_changed":false},"product_brand":[],"product_cat":[22],"product_tag":[],"class_list":{"0":"post-893","1":"product","2":"type-product","3":"status-publish","4":"has-post-thumbnail","6":"product_cat-shows","8":"first","9":"instock","10":"shipping-taxable","11":"product-type-grouped"},"acf":[],"yoast_head":"<!-- This site is optimized with the Yoast SEO plugin v25.6 - https:\/\/yoast.com\/wordpress\/plugins\/seo\/ -->\n<title>Visit San Miguel castle Show Tenerife - Aventura Excursions - Book a Knight Tournament!<\/title>\n<meta name=\"description\" content=\"Experience the San Miguel Castle Show in Tenerife! Check reviews, prices, and ratings. Enjoy thrilling knight tournaments and an authentic medieval feast.\" \/>\n<meta name=\"robots\" content=\"index, follow, max-snippet:-1, max-image-preview:large, max-video-preview:-1\" \/>\n<link rel=\"canonical\" href=\"https:\/\/aventura-excursions.com\/pl\/produkt\/castillo-san-miguel\/\" \/>\n<meta property=\"og:locale\" content=\"pl_PL\" \/>\n<meta property=\"og:type\" content=\"article\" \/>\n<meta property=\"og:title\" content=\"Visit San Miguel castle Show Tenerife - Aventura Excursions - Book a Knight Tournament!\" \/>\n<meta property=\"og:description\" content=\"Experience the San Miguel Castle Show in Tenerife! Check reviews, prices, and ratings. Enjoy thrilling knight tournaments and an authentic medieval feast.\" \/>\n<meta property=\"og:url\" content=\"https:\/\/aventura-excursions.com\/pl\/produkt\/castillo-san-miguel\/\" \/>\n<meta property=\"og:site_name\" content=\"Aventura Excursions\" \/>\n<meta property=\"article:modified_time\" content=\"2024-05-29T11:07:16+00:00\" \/>\n<meta property=\"og:image\" content=\"https:\/\/aventura-excursions.com\/wp-content\/uploads\/2024\/03\/photo_2024-03-23_17-35-54.jpg\" \/>\n\t<meta property=\"og:image:width\" content=\"1280\" \/>\n\t<meta property=\"og:image:height\" content=\"960\" \/>\n\t<meta property=\"og:image:type\" content=\"image\/jpeg\" \/>\n<meta name=\"twitter:card\" content=\"summary_large_image\" \/>\n<meta name=\"twitter:label1\" content=\"Szacowany czas czytania\" \/>\n\t<meta name=\"twitter:data1\" content=\"2 minuty\" \/>\n<!-- \/ Yoast SEO plugin. -->","yoast_head_json":{"title":"Visit San Miguel castle Show Tenerife - Aventura Excursions - Book a Knight Tournament!","description":"Experience the San Miguel Castle Show in Tenerife! Check reviews, prices, and ratings. Enjoy thrilling knight tournaments and an authentic medieval feast.","robots":{"index":"index","follow":"follow","max-snippet":"max-snippet:-1","max-image-preview":"max-image-preview:large","max-video-preview":"max-video-preview:-1"},"canonical":"https:\/\/aventura-excursions.com\/pl\/produkt\/castillo-san-miguel\/","og_locale":"pl_PL","og_type":"article","og_title":"Visit San Miguel castle Show Tenerife - Aventura Excursions - Book a Knight Tournament!","og_description":"Experience the San Miguel Castle Show in Tenerife! Check reviews, prices, and ratings. Enjoy thrilling knight tournaments and an authentic medieval feast.","og_url":"https:\/\/aventura-excursions.com\/pl\/produkt\/castillo-san-miguel\/","og_site_name":"Aventura Excursions","article_modified_time":"2024-05-29T11:07:16+00:00","og_image":[{"width":1280,"height":960,"url":"https:\/\/aventura-excursions.com\/wp-content\/uploads\/2024\/03\/photo_2024-03-23_17-35-54.jpg","type":"image\/jpeg"}],"twitter_card":"summary_large_image","twitter_misc":{"Szacowany czas czytania":"2 minuty"},"schema":{"@context":"https:\/\/schema.org","@graph":[{"@type":"WebPage","@id":"https:\/\/aventura-excursions.com\/product\/castillo-san-miguel\/","url":"https:\/\/aventura-excursions.com\/product\/castillo-san-miguel\/","name":"Visit San Miguel castle Show Tenerife - Aventura Excursions - Book a Knight Tournament!","isPartOf":{"@id":"https:\/\/aventura-excursions.com\/#website"},"primaryImageOfPage":{"@id":"https:\/\/aventura-excursions.com\/product\/castillo-san-miguel\/#primaryimage"},"image":{"@id":"https:\/\/aventura-excursions.com\/product\/castillo-san-miguel\/#primaryimage"},"thumbnailUrl":"https:\/\/aventura-excursions.com\/wp-content\/uploads\/2024\/03\/photo_2024-03-23_17-35-54.jpg","datePublished":"2024-03-23T15:17:29+00:00","dateModified":"2024-05-29T11:07:16+00:00","description":"Experience the San Miguel Castle Show in Tenerife! Check reviews, prices, and ratings. Enjoy thrilling knight tournaments and an authentic medieval feast.","breadcrumb":{"@id":"https:\/\/aventura-excursions.com\/product\/castillo-san-miguel\/#breadcrumb"},"inLanguage":"pl-PL","potentialAction":[{"@type":"ReadAction","target":["https:\/\/aventura-excursions.com\/product\/castillo-san-miguel\/"]}]},{"@type":"ImageObject","inLanguage":"pl-PL","@id":"https:\/\/aventura-excursions.com\/product\/castillo-san-miguel\/#primaryimage","url":"https:\/\/aventura-excursions.com\/wp-content\/uploads\/2024\/03\/photo_2024-03-23_17-35-54.jpg","contentUrl":"https:\/\/aventura-excursions.com\/wp-content\/uploads\/2024\/03\/photo_2024-03-23_17-35-54.jpg","width":1280,"height":960},{"@type":"BreadcrumbList","@id":"https:\/\/aventura-excursions.com\/product\/castillo-san-miguel\/#breadcrumb","itemListElement":[{"@type":"ListItem","position":1,"name":"Tours","item":"https:\/\/aventura-excursions.com\/tours\/"},{"@type":"ListItem","position":2,"name":"San Miguel castle"}]},{"@type":"WebSite","@id":"https:\/\/aventura-excursions.com\/#website","url":"https:\/\/aventura-excursions.com\/","name":"Aventura Excursions","description":"Aventura Excursions","potentialAction":[{"@type":"SearchAction","target":{"@type":"EntryPoint","urlTemplate":"https:\/\/aventura-excursions.com\/?s={search_term_string}"},"query-input":{"@type":"PropertyValueSpecification","valueRequired":true,"valueName":"search_term_string"}}],"inLanguage":"pl-PL"}]}},"_links":{"self":[{"href":"https:\/\/aventura-excursions.com\/pl\/wp-json\/wp\/v2\/product\/893","targetHints":{"allow":["GET"]}}],"collection":[{"href":"https:\/\/aventura-excursions.com\/pl\/wp-json\/wp\/v2\/product"}],"about":[{"href":"https:\/\/aventura-excursions.com\/pl\/wp-json\/wp\/v2\/types\/product"}],"wp:featuredmedia":[{"embeddable":true,"href":"https:\/\/aventura-excursions.com\/pl\/wp-json\/wp\/v2\/media\/903"}],"wp:attachment":[{"href":"https:\/\/aventura-excursions.com\/pl\/wp-json\/wp\/v2\/media?parent=893"}],"wp:term":[{"taxonomy":"product_brand","embeddable":true,"href":"https:\/\/aventura-excursions.com\/pl\/wp-json\/wp\/v2\/product_brand?post=893"},{"taxonomy":"product_cat","embeddable":true,"href":"https:\/\/aventura-excursions.com\/pl\/wp-json\/wp\/v2\/product_cat?post=893"},{"taxonomy":"product_tag","embeddable":true,"href":"https:\/\/aventura-excursions.com\/pl\/wp-json\/wp\/v2\/product_tag?post=893"}],"curies":[{"name":"wp","href":"https:\/\/api.w.org\/{rel}","templated":true}]}}