{"id":908,"date":"2024-03-24T01:22:56","date_gmt":"2024-03-23T22:22:56","guid":{"rendered":"https:\/\/aventura-excursions.com\/?post_type=product&#038;p=908"},"modified":"2024-05-29T14:23:31","modified_gmt":"2024-05-29T11:23:31","slug":"scandal-dinner-show","status":"publish","type":"product","link":"https:\/\/aventura-excursions.com\/pl\/produkt\/scandal-dinner-show\/","title":{"rendered":"Scandal Show"},"content":{"rendered":"<h3>Opis<\/h3>\n<p>\nWejd\u017a do \u015bwiata tajemnic, przepychu i emocji dzi\u0119ki Scandal Dinner Show na Teneryfie \u2013 gdzie kulinarne przysmaki spotykaj\u0105 si\u0119 z zapieraj\u0105c\u0105 dech w piersiach rozrywk\u0105, zapewniaj\u0105c niezapomniany wiecz\u00f3r! B\u0119dziesz oczarowany atmosfer\u0105 tego pokazu w stylu burleski. Skandalizuj\u0105cy wykonawcy przenios\u0105 Ci\u0119 w \u015bwiat intryg i emocji, \u0142\u0105cz\u0105c sprawno\u015b\u0107 teatraln\u0105, taniec i muzyk\u0119, tworz\u0105c niesamowite wra\u017cenia. Do\u015bwiadczeni szefowie kuchni przygotuj\u0105 trzydaniowe posi\u0142ki i zadbaj\u0105 o to, aby Twoje doznania kulinarne by\u0142y r\u00f3wnie niesamowite.<\/p>\n<h3><\/h3>\n<h3>Ciekawe miejsca<\/h3>\n<ul>\n<li>Ol\u015bniewaj\u0105ce wyst\u0119py<\/li>\n<li>Wy\u015bmienite przysmaki<\/li>\n<li>Skandaliczne niespodzianki<\/li>\n<\/ul>\n<h3>Szczeg\u00f3\u0142y<\/h3>\n<p>\n<strong><em>Godzina rozpocz\u0119cia:<\/em><\/strong> 20:00<\/p>\n<p>\n<strong><em>Lokalizacja:<\/em><\/strong> Costa Adeje, GF Victoria hotel<\/p>\n<p>\n<strong><em>Minimalny wiek:<\/em><\/strong> 16 lat<\/p>\n<p>\nDost\u0119pne menu wegetaria\u0144skie<\/p>\n<p>\nBilet Platinum obejmuje kieliszek wina\/nap\u00f3j bezalkoholowy i tapas.<\/p>\n<p>","protected":false},"excerpt":{"rendered":"<div>\n<p>Pompatyczny wyst\u0119p kabaretowy, oferuj\u0105cy luksusow\u0105 i odwa\u017cn\u0105 rozrywk\u0119, gwarantuj\u0105cy niezapomniany wiecz\u00f3r i kolacj\u0119 przygotowan\u0105 przez profesjonalnych kucharzy. <\/p>\n<p>\n<br \/>\nWybierz Golden, je\u015bli chcesz tylko bilet.<br \/>\nSelect Platinum if you&#8217;d like to add drinks and tapas to the ticket.<br \/>\nNast\u0119pnie wybierz liczb\u0119 doros\u0142ych i dat\u0119 przedstawienia.<\/p>\n<\/div>","protected":false},"featured_media":933,"template":"","meta":{"_acf_changed":false},"product_brand":[],"product_cat":[22],"product_tag":[],"class_list":{"0":"post-908","1":"product","2":"type-product","3":"status-publish","4":"has-post-thumbnail","6":"product_cat-shows","8":"first","9":"instock","10":"shipping-taxable","11":"product-type-grouped"},"acf":[],"yoast_head":"<!-- This site is optimized with the Yoast SEO plugin v25.6 - https:\/\/yoast.com\/wordpress\/plugins\/seo\/ -->\n<title>Visit Scandal Dinner Show in Tenerife - Aventura Excursions \u2013 Dazzling Night Out Awaits!<\/title>\n<meta name=\"description\" content=\"Enjoy the Scandal Dinner show in Tenerife with delicious dishes and exciting performances for an unforgettable evening! Check the reviews and prices.\" \/>\n<meta name=\"robots\" content=\"index, follow, max-snippet:-1, max-image-preview:large, max-video-preview:-1\" \/>\n<link rel=\"canonical\" href=\"https:\/\/aventura-excursions.com\/pl\/produkt\/scandal-dinner-show\/\" \/>\n<meta property=\"og:locale\" content=\"pl_PL\" \/>\n<meta property=\"og:type\" content=\"article\" \/>\n<meta property=\"og:title\" content=\"Visit Scandal Dinner Show in Tenerife - Aventura Excursions \u2013 Dazzling Night Out Awaits!\" \/>\n<meta property=\"og:description\" content=\"Enjoy the Scandal Dinner show in Tenerife with delicious dishes and exciting performances for an unforgettable evening! Check the reviews and prices.\" \/>\n<meta property=\"og:url\" content=\"https:\/\/aventura-excursions.com\/pl\/produkt\/scandal-dinner-show\/\" \/>\n<meta property=\"og:site_name\" content=\"Aventura Excursions\" \/>\n<meta property=\"article:modified_time\" content=\"2024-05-29T11:23:31+00:00\" \/>\n<meta property=\"og:image\" content=\"https:\/\/aventura-excursions.com\/wp-content\/uploads\/2024\/03\/photo_2024-03-22_16-54-041.png\" \/>\n\t<meta property=\"og:image:width\" content=\"1023\" \/>\n\t<meta property=\"og:image:height\" content=\"809\" \/>\n\t<meta property=\"og:image:type\" content=\"image\/png\" \/>\n<meta name=\"twitter:card\" content=\"summary_large_image\" \/>\n<meta name=\"twitter:label1\" content=\"Szacowany czas czytania\" \/>\n\t<meta name=\"twitter:data1\" content=\"1 minuta\" \/>\n<!-- \/ Yoast SEO plugin. -->","yoast_head_json":{"title":"Visit Scandal Dinner Show in Tenerife - Aventura Excursions \u2013 Dazzling Night Out Awaits!","description":"Enjoy the Scandal Dinner show in Tenerife with delicious dishes and exciting performances for an unforgettable evening! Check the reviews and prices.","robots":{"index":"index","follow":"follow","max-snippet":"max-snippet:-1","max-image-preview":"max-image-preview:large","max-video-preview":"max-video-preview:-1"},"canonical":"https:\/\/aventura-excursions.com\/pl\/produkt\/scandal-dinner-show\/","og_locale":"pl_PL","og_type":"article","og_title":"Visit Scandal Dinner Show in Tenerife - Aventura Excursions \u2013 Dazzling Night Out Awaits!","og_description":"Enjoy the Scandal Dinner show in Tenerife with delicious dishes and exciting performances for an unforgettable evening! Check the reviews and prices.","og_url":"https:\/\/aventura-excursions.com\/pl\/produkt\/scandal-dinner-show\/","og_site_name":"Aventura Excursions","article_modified_time":"2024-05-29T11:23:31+00:00","og_image":[{"width":1023,"height":809,"url":"https:\/\/aventura-excursions.com\/wp-content\/uploads\/2024\/03\/photo_2024-03-22_16-54-041.png","type":"image\/png"}],"twitter_card":"summary_large_image","twitter_misc":{"Szacowany czas czytania":"1 minuta"},"schema":{"@context":"https:\/\/schema.org","@graph":[{"@type":"WebPage","@id":"https:\/\/aventura-excursions.com\/product\/scandal-dinner-show\/","url":"https:\/\/aventura-excursions.com\/product\/scandal-dinner-show\/","name":"Visit Scandal Dinner Show in Tenerife - Aventura Excursions \u2013 Dazzling Night Out Awaits!","isPartOf":{"@id":"https:\/\/aventura-excursions.com\/#website"},"primaryImageOfPage":{"@id":"https:\/\/aventura-excursions.com\/product\/scandal-dinner-show\/#primaryimage"},"image":{"@id":"https:\/\/aventura-excursions.com\/product\/scandal-dinner-show\/#primaryimage"},"thumbnailUrl":"https:\/\/aventura-excursions.com\/wp-content\/uploads\/2024\/03\/photo_2024-03-22_16-54-041.png","datePublished":"2024-03-23T22:22:56+00:00","dateModified":"2024-05-29T11:23:31+00:00","description":"Enjoy the Scandal Dinner show in Tenerife with delicious dishes and exciting performances for an unforgettable evening! Check the reviews and prices.","breadcrumb":{"@id":"https:\/\/aventura-excursions.com\/product\/scandal-dinner-show\/#breadcrumb"},"inLanguage":"pl-PL","potentialAction":[{"@type":"ReadAction","target":["https:\/\/aventura-excursions.com\/product\/scandal-dinner-show\/"]}]},{"@type":"ImageObject","inLanguage":"pl-PL","@id":"https:\/\/aventura-excursions.com\/product\/scandal-dinner-show\/#primaryimage","url":"https:\/\/aventura-excursions.com\/wp-content\/uploads\/2024\/03\/photo_2024-03-22_16-54-041.png","contentUrl":"https:\/\/aventura-excursions.com\/wp-content\/uploads\/2024\/03\/photo_2024-03-22_16-54-041.png","width":1023,"height":809},{"@type":"BreadcrumbList","@id":"https:\/\/aventura-excursions.com\/product\/scandal-dinner-show\/#breadcrumb","itemListElement":[{"@type":"ListItem","position":1,"name":"Tours","item":"https:\/\/aventura-excursions.com\/tours\/"},{"@type":"ListItem","position":2,"name":"Scandal Dinner Show"}]},{"@type":"WebSite","@id":"https:\/\/aventura-excursions.com\/#website","url":"https:\/\/aventura-excursions.com\/","name":"Aventura Excursions","description":"Aventura Excursions","potentialAction":[{"@type":"SearchAction","target":{"@type":"EntryPoint","urlTemplate":"https:\/\/aventura-excursions.com\/?s={search_term_string}"},"query-input":{"@type":"PropertyValueSpecification","valueRequired":true,"valueName":"search_term_string"}}],"inLanguage":"pl-PL"}]}},"_links":{"self":[{"href":"https:\/\/aventura-excursions.com\/pl\/wp-json\/wp\/v2\/product\/908","targetHints":{"allow":["GET"]}}],"collection":[{"href":"https:\/\/aventura-excursions.com\/pl\/wp-json\/wp\/v2\/product"}],"about":[{"href":"https:\/\/aventura-excursions.com\/pl\/wp-json\/wp\/v2\/types\/product"}],"wp:featuredmedia":[{"embeddable":true,"href":"https:\/\/aventura-excursions.com\/pl\/wp-json\/wp\/v2\/media\/933"}],"wp:attachment":[{"href":"https:\/\/aventura-excursions.com\/pl\/wp-json\/wp\/v2\/media?parent=908"}],"wp:term":[{"taxonomy":"product_brand","embeddable":true,"href":"https:\/\/aventura-excursions.com\/pl\/wp-json\/wp\/v2\/product_brand?post=908"},{"taxonomy":"product_cat","embeddable":true,"href":"https:\/\/aventura-excursions.com\/pl\/wp-json\/wp\/v2\/product_cat?post=908"},{"taxonomy":"product_tag","embeddable":true,"href":"https:\/\/aventura-excursions.com\/pl\/wp-json\/wp\/v2\/product_tag?post=908"}],"curies":[{"name":"wp","href":"https:\/\/api.w.org\/{rel}","templated":true}]}}