{"id":934,"date":"2024-03-24T20:18:47","date_gmt":"2024-03-24T17:18:47","guid":{"rendered":"https:\/\/aventura-excursions.com\/?post_type=product&#038;p=934"},"modified":"2025-05-24T16:55:19","modified_gmt":"2025-05-24T13:55:19","slug":"quad-safari","status":"publish","type":"product","link":"https:\/\/aventura-excursions.com\/pl\/produkt\/quad-safari\/","title":{"rendered":"Jurassic Quad"},"content":{"rendered":"<h3>Opis<\/h3>\n<p>\nIsn&#8217;t it a perfect way to discover Tenerife? Full of emotions and adrenaline, you move through the mountains and the endemic pine tree forest till you reach the National Park of Teide and find yourself surrounded by lava flows and sandy desert. In the middle of it rises the Mount Teide, like a silent giant. During this trip you will take on a challenge to drive your quad through all kinds of landscapes, feeling freedom and joy.<\/p>\n<p>\n<\/p>\n<h3>Ciekawe miejsca<\/h3>\n<ul>\n<li>Wycieczka quadem z przewodnikiem<\/li>\n<li>Wej\u015bcie na wysoko\u015b\u0107 2346 m<\/li>\n<li>Park Narodowy Teide<\/li>\n<li>Osza\u0142amiaj\u0105ce mo\u017cliwo\u015bci robienia zdj\u0119\u0107<\/li>\n<\/ul>\n<p><\/p>\n<h3>Szczeg\u00f3\u0142y<\/h3>\n<p>\nCzas trwania: 4 godzin <br \/>\nGodziny rozpocz\u0119cia: 10:00, 14:00 <br \/>\nCena obejmuje transfer z hotelu na po\u0142udniu Teneryfy <\/p>\n<p>\n<\/p>\n<h3>Wymagania:<\/h3>\n<p>\nPrawo jazdy B <br \/>\nDzieci: starsze ni\u017c 7 lat i wy\u017csze ni\u017c 130 cm<\/p>","protected":false},"excerpt":{"rendered":"<div>\nWycieczka quadem przez g\u00f3ry i las sosnowy do Parku Narodowego Teide. Poczuj wolno\u015b\u0107 natury i ciesz si\u0119 przyp\u0142ywem adrenaliny. <\/p>\n<p>\n<br \/>\nWybierz quady pojedyncze lub podw\u00f3jne i termin wycieczki.\n<\/div>","protected":false},"featured_media":937,"template":"","meta":{"_acf_changed":false},"product_brand":[],"product_cat":[21],"product_tag":[],"class_list":{"0":"post-934","1":"product","2":"type-product","3":"status-publish","4":"has-post-thumbnail","6":"product_cat-activities","8":"first","9":"instock","10":"sale","11":"shipping-taxable","12":"product-type-grouped"},"acf":[],"yoast_head":"<!-- This site is optimized with the Yoast SEO plugin v25.6 - https:\/\/yoast.com\/wordpress\/plugins\/seo\/ -->\n<title>Jurassic Quad in Tenerife - Aventura Excursions - Book Your Adventure Today!<\/title>\n<meta name=\"description\" content=\"Join a Quad Safari in Tenerife! Check reviews, prices, ratings. Experience the thrill of driving through mountains and pine forests to Teide National Park.\" \/>\n<meta name=\"robots\" content=\"index, follow, max-snippet:-1, max-image-preview:large, max-video-preview:-1\" \/>\n<link rel=\"canonical\" href=\"https:\/\/aventura-excursions.com\/pl\/produkt\/quad-safari\/\" \/>\n<meta property=\"og:locale\" content=\"pl_PL\" \/>\n<meta property=\"og:type\" content=\"article\" \/>\n<meta property=\"og:title\" content=\"Jurassic Quad in Tenerife - Aventura Excursions - Book Your Adventure Today!\" \/>\n<meta property=\"og:description\" content=\"Join a Quad Safari in Tenerife! Check reviews, prices, ratings. Experience the thrill of driving through mountains and pine forests to Teide National Park.\" \/>\n<meta property=\"og:url\" content=\"https:\/\/aventura-excursions.com\/pl\/produkt\/quad-safari\/\" \/>\n<meta property=\"og:site_name\" content=\"Aventura Excursions\" \/>\n<meta property=\"article:modified_time\" content=\"2025-05-24T13:55:19+00:00\" \/>\n<meta property=\"og:image\" content=\"https:\/\/aventura-excursions.com\/wp-content\/uploads\/2024\/03\/photo_2024-03-24_17-18-57.jpg\" \/>\n\t<meta property=\"og:image:width\" content=\"1280\" \/>\n\t<meta property=\"og:image:height\" content=\"1280\" \/>\n\t<meta property=\"og:image:type\" content=\"image\/jpeg\" \/>\n<meta name=\"twitter:card\" content=\"summary_large_image\" \/>\n<meta name=\"twitter:label1\" content=\"Szacowany czas czytania\" \/>\n\t<meta name=\"twitter:data1\" content=\"1 minuta\" \/>\n<!-- \/ Yoast SEO plugin. -->","yoast_head_json":{"title":"Jurassic Quad in Tenerife - Aventura Excursions - Book Your Adventure Today!","description":"Join a Quad Safari in Tenerife! Check reviews, prices, ratings. Experience the thrill of driving through mountains and pine forests to Teide National Park.","robots":{"index":"index","follow":"follow","max-snippet":"max-snippet:-1","max-image-preview":"max-image-preview:large","max-video-preview":"max-video-preview:-1"},"canonical":"https:\/\/aventura-excursions.com\/pl\/produkt\/quad-safari\/","og_locale":"pl_PL","og_type":"article","og_title":"Jurassic Quad in Tenerife - Aventura Excursions - Book Your Adventure Today!","og_description":"Join a Quad Safari in Tenerife! Check reviews, prices, ratings. Experience the thrill of driving through mountains and pine forests to Teide National Park.","og_url":"https:\/\/aventura-excursions.com\/pl\/produkt\/quad-safari\/","og_site_name":"Aventura Excursions","article_modified_time":"2025-05-24T13:55:19+00:00","og_image":[{"width":1280,"height":1280,"url":"https:\/\/aventura-excursions.com\/wp-content\/uploads\/2024\/03\/photo_2024-03-24_17-18-57.jpg","type":"image\/jpeg"}],"twitter_card":"summary_large_image","twitter_misc":{"Szacowany czas czytania":"1 minuta"},"schema":{"@context":"https:\/\/schema.org","@graph":[{"@type":"WebPage","@id":"https:\/\/aventura-excursions.com\/product\/quad-safari\/","url":"https:\/\/aventura-excursions.com\/product\/quad-safari\/","name":"Jurassic Quad in Tenerife - Aventura Excursions - Book Your Adventure Today!","isPartOf":{"@id":"https:\/\/aventura-excursions.com\/#website"},"primaryImageOfPage":{"@id":"https:\/\/aventura-excursions.com\/product\/quad-safari\/#primaryimage"},"image":{"@id":"https:\/\/aventura-excursions.com\/product\/quad-safari\/#primaryimage"},"thumbnailUrl":"https:\/\/aventura-excursions.com\/wp-content\/uploads\/2024\/03\/photo_2024-03-24_17-18-57.jpg","datePublished":"2024-03-24T17:18:47+00:00","dateModified":"2025-05-24T13:55:19+00:00","description":"Join a Quad Safari in Tenerife! Check reviews, prices, ratings. Experience the thrill of driving through mountains and pine forests to Teide National Park.","breadcrumb":{"@id":"https:\/\/aventura-excursions.com\/product\/quad-safari\/#breadcrumb"},"inLanguage":"pl-PL","potentialAction":[{"@type":"ReadAction","target":["https:\/\/aventura-excursions.com\/product\/quad-safari\/"]}]},{"@type":"ImageObject","inLanguage":"pl-PL","@id":"https:\/\/aventura-excursions.com\/product\/quad-safari\/#primaryimage","url":"https:\/\/aventura-excursions.com\/wp-content\/uploads\/2024\/03\/photo_2024-03-24_17-18-57.jpg","contentUrl":"https:\/\/aventura-excursions.com\/wp-content\/uploads\/2024\/03\/photo_2024-03-24_17-18-57.jpg","width":1280,"height":1280},{"@type":"BreadcrumbList","@id":"https:\/\/aventura-excursions.com\/product\/quad-safari\/#breadcrumb","itemListElement":[{"@type":"ListItem","position":1,"name":"Tours","item":"https:\/\/aventura-excursions.com\/tours\/"},{"@type":"ListItem","position":2,"name":"Jurassic Quad"}]},{"@type":"WebSite","@id":"https:\/\/aventura-excursions.com\/#website","url":"https:\/\/aventura-excursions.com\/","name":"Aventura Excursions","description":"Aventura Excursions","potentialAction":[{"@type":"SearchAction","target":{"@type":"EntryPoint","urlTemplate":"https:\/\/aventura-excursions.com\/?s={search_term_string}"},"query-input":{"@type":"PropertyValueSpecification","valueRequired":true,"valueName":"search_term_string"}}],"inLanguage":"pl-PL"}]}},"_links":{"self":[{"href":"https:\/\/aventura-excursions.com\/pl\/wp-json\/wp\/v2\/product\/934","targetHints":{"allow":["GET"]}}],"collection":[{"href":"https:\/\/aventura-excursions.com\/pl\/wp-json\/wp\/v2\/product"}],"about":[{"href":"https:\/\/aventura-excursions.com\/pl\/wp-json\/wp\/v2\/types\/product"}],"wp:featuredmedia":[{"embeddable":true,"href":"https:\/\/aventura-excursions.com\/pl\/wp-json\/wp\/v2\/media\/937"}],"wp:attachment":[{"href":"https:\/\/aventura-excursions.com\/pl\/wp-json\/wp\/v2\/media?parent=934"}],"wp:term":[{"taxonomy":"product_brand","embeddable":true,"href":"https:\/\/aventura-excursions.com\/pl\/wp-json\/wp\/v2\/product_brand?post=934"},{"taxonomy":"product_cat","embeddable":true,"href":"https:\/\/aventura-excursions.com\/pl\/wp-json\/wp\/v2\/product_cat?post=934"},{"taxonomy":"product_tag","embeddable":true,"href":"https:\/\/aventura-excursions.com\/pl\/wp-json\/wp\/v2\/product_tag?post=934"}],"curies":[{"name":"wp","href":"https:\/\/api.w.org\/{rel}","templated":true}]}}