{"id":970,"date":"2024-03-25T18:46:45","date_gmt":"2024-03-25T15:46:45","guid":{"rendered":"https:\/\/aventura-excursions.com\/?post_type=product&#038;p=970"},"modified":"2024-05-31T15:48:21","modified_gmt":"2024-05-31T12:48:21","slug":"twin-ticket","status":"publish","type":"product","link":"https:\/\/aventura-excursions.com\/pl\/produkt\/twin-ticket\/","title":{"rendered":"Bilet podw\u00f3jny"},"content":{"rendered":"<h3>Opis<\/h3>\n<p>\nOdwied\u017a najs\u0142ynniejsze parki tematyczne Teneryfy po obni\u017conej cenie!<\/p>\n<p>\nZarezerwuj <a href=\"https:\/\/aventura-excursions.com\/pl\/produkt\/loro-park\/\"><strong><em>Loro Park<\/em><\/strong><\/a> i <a href=\"https:\/\/aventura-excursions.com\/pl\/produkt\/siam-park\/\"><strong><em>Siam Park<\/em><\/strong><\/a> together and get a Twin ticket with a 10 euros discount. Choose two separate days to visit the parks and enjoy Tenerife&#8217;s top attractions, so famous in the whole world.<\/p>\n<h3><\/h3>\n<h3>Ciekawe miejsca<\/h3>\n<ul>\n<li><a href=\"https:\/\/aventura-excursions.com\/pl\/produkt\/siam-park\/\"><strong><em>Siam Park:<\/em><\/strong><\/a> park wodny nr 1 w Europie<\/li>\n<li><strong><em><a href=\"https:\/\/aventura-excursions.com\/pl\/produkt\/loro-park\/\">Loro Park:<\/a><\/em><\/strong> s\u0142ynne zoo z pokazem ork\u00f3w<\/li>\n<\/ul>\n<h3>Szczeg\u00f3\u0142y<\/h3>\n<p>\n<strong><em>Siam Park<\/em><\/strong><\/p>\n<p>\nGodziny otwarcia w lecie: 10:00 \u2013 18:00<br \/>\nWinter opening hours: 10:00 &#8211; 17:00<br \/>\nLokalizacja: po\u0142udnie Teneryfy<\/p>\n<p>\n<strong><em>Loro Park<\/em><\/strong><\/p>\n<p>\nGodziny otwarcia: 09:30 \u2013 17:30 <br \/>\nLokalizacja: p\u00f3\u0142noc od Teneryfy<\/p>\n<h3>Transport<\/h3>\n<p>Aby u\u0142atwi\u0107 Pa\u0144stwu zaplanowanie wizyty, oferujemy autobus Siam z Puerto de la Cruz oraz autobus Loro z po\u0142udniowych wiosek turystycznych (Las Americas, Los Cristianos itp.).<\/p>\n<p>Zarezerwuj <strong>bilet podw\u00f3jny + autobus do Siam Parku<\/strong>, je\u015bli mieszkasz w Puerto de La Cruz.<br \/>\n<br \/>Zarezerwuj <strong>bilet podw\u00f3jny + autobus do Loro Parku<\/strong>, je\u015bli mieszkasz na po\u0142udniu.<\/p>\n<p> Na po\u0142udniu kursuje bezp\u0142atny autobus wahad\u0142owy do Siam Parku.<\/p>\n<p class=\" translation-block\">Mo\u017cesz tak\u017ce <a href=\"https:\/\/aventura-excursions.com\/pl\/produkt\/rent-a-car\/\" target=\"_self\"><strong><em>wypo\u017cyczy\u0107 u nas samoch\u00f3d<\/em><\/strong><\/a> i samodzielnie wybra\u0107 si\u0119 do park\u00f3w. Jedyn\u0105 niedogodno\u015bci\u0105 mo\u017ce by\u0107 zape\u0142nienie parkingu ze wzgl\u0119du na du\u017c\u0105 popularno\u015b\u0107 obu park\u00f3w.<\/p>","protected":false},"excerpt":{"rendered":"<div>\n<p>\nVisit Loro Park and Siam park in two days with a discount! It&#8217;s a perfect opportunity to discover a water park and a zoo that have gained worldwide fame.<\/p>\n<p>Najpierw wybierz, czy kupujesz sam bilet, czy te\u017c potrzebujesz przesiadki. Je\u015bli jeste\u015b na p\u00f3\u0142nocy, wybierz bilet podw\u00f3jny + autobus Siam. Je\u015bli jeste\u015b na po\u0142udniu, wybierz bilet podw\u00f3jny + autobus Loro.<\/p>\n<p>Nast\u0119pnie wybierz liczb\u0119 doros\u0142ych, dzieci i niemowl\u0105t.\n<\/p><\/div>","protected":false},"featured_media":1010,"template":"","meta":{"_acf_changed":false},"product_brand":[],"product_cat":[20],"product_tag":[140,139,141,138,137],"class_list":{"0":"post-970","1":"product","2":"type-product","3":"status-publish","4":"has-post-thumbnail","6":"product_cat-parks","7":"product_tag-buy-twin-ticket","8":"product_tag-entrance-loro-siam-tenerife","9":"product_tag-loro-siam-with-discount","10":"product_tag-ticket-loro-siam","11":"product_tag-twin-ticket-tenerife","13":"first","14":"instock","15":"shipping-taxable","16":"product-type-grouped"},"acf":[],"yoast_head":"<!-- This site is optimized with the Yoast SEO plugin v25.6 - https:\/\/yoast.com\/wordpress\/plugins\/seo\/ -->\n<title>Twin Ticket: Loro Park &amp; Siam Park - Aventura Excursions - Book Now and Save!<\/title>\n<meta name=\"description\" content=\"Visit Loro Park and Siam Park in Tenerife with a Twin Ticket. Check reviews, prices, and ratings. Enjoy a discounted visit to the top water park and zoo.\" \/>\n<meta name=\"robots\" content=\"index, follow, max-snippet:-1, max-image-preview:large, max-video-preview:-1\" \/>\n<link rel=\"canonical\" href=\"https:\/\/aventura-excursions.com\/pl\/produkt\/twin-ticket\/\" \/>\n<meta property=\"og:locale\" content=\"pl_PL\" \/>\n<meta property=\"og:type\" content=\"article\" \/>\n<meta property=\"og:title\" content=\"Twin Ticket: Loro Park &amp; Siam Park - Aventura Excursions - Book Now and Save!\" \/>\n<meta property=\"og:description\" content=\"Visit Loro Park and Siam Park in Tenerife with a Twin Ticket. Check reviews, prices, and ratings. Enjoy a discounted visit to the top water park and zoo.\" \/>\n<meta property=\"og:url\" content=\"https:\/\/aventura-excursions.com\/pl\/produkt\/twin-ticket\/\" \/>\n<meta property=\"og:site_name\" content=\"Aventura Excursions\" \/>\n<meta property=\"article:modified_time\" content=\"2024-05-31T12:48:21+00:00\" \/>\n<meta property=\"og:image\" content=\"https:\/\/aventura-excursions.com\/wp-content\/uploads\/2024\/03\/556497_3d6f7a69449a4886b6fa728165c335a2mv2.webp\" \/>\n\t<meta property=\"og:image:width\" content=\"420\" \/>\n\t<meta property=\"og:image:height\" content=\"304\" \/>\n\t<meta property=\"og:image:type\" content=\"image\/webp\" \/>\n<meta name=\"twitter:card\" content=\"summary_large_image\" \/>\n<meta name=\"twitter:label1\" content=\"Szacowany czas czytania\" \/>\n\t<meta name=\"twitter:data1\" content=\"2 minuty\" \/>\n<!-- \/ Yoast SEO plugin. -->","yoast_head_json":{"title":"Twin Ticket: Loro Park & Siam Park - Aventura Excursions - Book Now and Save!","description":"Visit Loro Park and Siam Park in Tenerife with a Twin Ticket. Check reviews, prices, and ratings. Enjoy a discounted visit to the top water park and zoo.","robots":{"index":"index","follow":"follow","max-snippet":"max-snippet:-1","max-image-preview":"max-image-preview:large","max-video-preview":"max-video-preview:-1"},"canonical":"https:\/\/aventura-excursions.com\/pl\/produkt\/twin-ticket\/","og_locale":"pl_PL","og_type":"article","og_title":"Twin Ticket: Loro Park & Siam Park - Aventura Excursions - Book Now and Save!","og_description":"Visit Loro Park and Siam Park in Tenerife with a Twin Ticket. Check reviews, prices, and ratings. Enjoy a discounted visit to the top water park and zoo.","og_url":"https:\/\/aventura-excursions.com\/pl\/produkt\/twin-ticket\/","og_site_name":"Aventura Excursions","article_modified_time":"2024-05-31T12:48:21+00:00","og_image":[{"width":420,"height":304,"url":"https:\/\/aventura-excursions.com\/wp-content\/uploads\/2024\/03\/556497_3d6f7a69449a4886b6fa728165c335a2mv2.webp","type":"image\/webp"}],"twitter_card":"summary_large_image","twitter_misc":{"Szacowany czas czytania":"2 minuty"},"schema":{"@context":"https:\/\/schema.org","@graph":[{"@type":"WebPage","@id":"https:\/\/aventura-excursions.com\/product\/twin-ticket\/","url":"https:\/\/aventura-excursions.com\/product\/twin-ticket\/","name":"Twin Ticket: Loro Park & Siam Park - Aventura Excursions - Book Now and Save!","isPartOf":{"@id":"https:\/\/aventura-excursions.com\/#website"},"primaryImageOfPage":{"@id":"https:\/\/aventura-excursions.com\/product\/twin-ticket\/#primaryimage"},"image":{"@id":"https:\/\/aventura-excursions.com\/product\/twin-ticket\/#primaryimage"},"thumbnailUrl":"https:\/\/aventura-excursions.com\/wp-content\/uploads\/2024\/03\/556497_3d6f7a69449a4886b6fa728165c335a2mv2.webp","datePublished":"2024-03-25T15:46:45+00:00","dateModified":"2024-05-31T12:48:21+00:00","description":"Visit Loro Park and Siam Park in Tenerife with a Twin Ticket. Check reviews, prices, and ratings. Enjoy a discounted visit to the top water park and zoo.","breadcrumb":{"@id":"https:\/\/aventura-excursions.com\/product\/twin-ticket\/#breadcrumb"},"inLanguage":"pl-PL","potentialAction":[{"@type":"ReadAction","target":["https:\/\/aventura-excursions.com\/product\/twin-ticket\/"]}]},{"@type":"ImageObject","inLanguage":"pl-PL","@id":"https:\/\/aventura-excursions.com\/product\/twin-ticket\/#primaryimage","url":"https:\/\/aventura-excursions.com\/wp-content\/uploads\/2024\/03\/556497_3d6f7a69449a4886b6fa728165c335a2mv2.webp","contentUrl":"https:\/\/aventura-excursions.com\/wp-content\/uploads\/2024\/03\/556497_3d6f7a69449a4886b6fa728165c335a2mv2.webp","width":420,"height":304},{"@type":"BreadcrumbList","@id":"https:\/\/aventura-excursions.com\/product\/twin-ticket\/#breadcrumb","itemListElement":[{"@type":"ListItem","position":1,"name":"Tours","item":"https:\/\/aventura-excursions.com\/tours\/"},{"@type":"ListItem","position":2,"name":"Twin Ticket"}]},{"@type":"WebSite","@id":"https:\/\/aventura-excursions.com\/#website","url":"https:\/\/aventura-excursions.com\/","name":"Aventura Excursions","description":"Aventura Excursions","potentialAction":[{"@type":"SearchAction","target":{"@type":"EntryPoint","urlTemplate":"https:\/\/aventura-excursions.com\/?s={search_term_string}"},"query-input":{"@type":"PropertyValueSpecification","valueRequired":true,"valueName":"search_term_string"}}],"inLanguage":"pl-PL"}]}},"_links":{"self":[{"href":"https:\/\/aventura-excursions.com\/pl\/wp-json\/wp\/v2\/product\/970","targetHints":{"allow":["GET"]}}],"collection":[{"href":"https:\/\/aventura-excursions.com\/pl\/wp-json\/wp\/v2\/product"}],"about":[{"href":"https:\/\/aventura-excursions.com\/pl\/wp-json\/wp\/v2\/types\/product"}],"wp:featuredmedia":[{"embeddable":true,"href":"https:\/\/aventura-excursions.com\/pl\/wp-json\/wp\/v2\/media\/1010"}],"wp:attachment":[{"href":"https:\/\/aventura-excursions.com\/pl\/wp-json\/wp\/v2\/media?parent=970"}],"wp:term":[{"taxonomy":"product_brand","embeddable":true,"href":"https:\/\/aventura-excursions.com\/pl\/wp-json\/wp\/v2\/product_brand?post=970"},{"taxonomy":"product_cat","embeddable":true,"href":"https:\/\/aventura-excursions.com\/pl\/wp-json\/wp\/v2\/product_cat?post=970"},{"taxonomy":"product_tag","embeddable":true,"href":"https:\/\/aventura-excursions.com\/pl\/wp-json\/wp\/v2\/product_tag?post=970"}],"curies":[{"name":"wp","href":"https:\/\/api.w.org\/{rel}","templated":true}]}}